{"id":33,"date":"2023-07-29T21:14:39","date_gmt":"2023-07-29T21:14:39","guid":{"rendered":"http:\/\/autoholkoscian.pl\/?page_id=33"},"modified":"2023-09-07T08:00:09","modified_gmt":"2023-09-07T08:00:09","slug":"lawety-i-przyczepy","status":"publish","type":"page","link":"https:\/\/autoholkoscian.pl\/index.php\/lawety-i-przyczepy\/","title":{"rendered":"Lawety i przyczepy"},"content":{"rendered":"\n<p>Znajdziesz u nas ka\u017cdy rodzaj lawety jak i przyczepki.<br>Posiadamy ma\u0142e przyczepy towarowe, du\u017ce dwuosiowe przyczepy z plandek\u0105, a tak\u017ce du\u017cy wyb\u00f3r lawet. Od ma\u0142ej dwu-tonowej lawety (proste i garbatki), po du\u017ce 3 osiowe przyczepy.<\/p>\n\n\n\n<p>Zadzwo\u0144 i zapytaj!<\/p>\n\n\n\n<figure class=\"wp-block-gallery has-nested-images columns-default is-cropped wp-block-gallery-1 is-layout-flex wp-block-gallery-is-layout-flex\"><\/figure>\n","protected":false},"excerpt":{"rendered":"<p>Znajdziesz u nas ka\u017cdy rodzaj lawety jak i przyczepki.Posiadamy ma\u0142e przyczepy towarowe, du\u017ce dwuosiowe przyczepy z plandek\u0105, a tak\u017ce du\u017cy wyb\u00f3r lawet. Od ma\u0142ej dwu-tonowej lawety (proste i garbatki), po du\u017ce 3 osiowe przyczepy. Zadzwo\u0144 i zapytaj!<\/p>\n","protected":false},"author":1,"featured_media":0,"parent":0,"menu_order":0,"comment_status":"closed","ping_status":"closed","template":"","meta":{"footnotes":""},"class_list":["post-33","page","type-page","status-publish","hentry"],"_links":{"self":[{"href":"https:\/\/autoholkoscian.pl\/index.php\/wp-json\/wp\/v2\/pages\/33","targetHints":{"allow":["GET"]}}],"collection":[{"href":"https:\/\/autoholkoscian.pl\/index.php\/wp-json\/wp\/v2\/pages"}],"about":[{"href":"https:\/\/autoholkoscian.pl\/index.php\/wp-json\/wp\/v2\/types\/page"}],"author":[{"embeddable":true,"href":"https:\/\/autoholkoscian.pl\/index.php\/wp-json\/wp\/v2\/users\/1"}],"replies":[{"embeddable":true,"href":"https:\/\/autoholkoscian.pl\/index.php\/wp-json\/wp\/v2\/comments?post=33"}],"version-history":[{"count":5,"href":"https:\/\/autoholkoscian.pl\/index.php\/wp-json\/wp\/v2\/pages\/33\/revisions"}],"predecessor-version":[{"id":221,"href":"https:\/\/autoholkoscian.pl\/index.php\/wp-json\/wp\/v2\/pages\/33\/revisions\/221"}],"wp:attachment":[{"href":"https:\/\/autoholkoscian.pl\/index.php\/wp-json\/wp\/v2\/media?parent=33"}],"curies":[{"name":"wp","href":"https:\/\/api.w.org\/{rel}","templated":true}]}}