    {"id":6,"date":"2023-07-29T21:08:43","date_gmt":"2023-07-29T21:08:43","guid":{"rendered":"http:\/\/autoholkoscian.pl\/?page_id=6"},"modified":"2023-08-13T11:18:56","modified_gmt":"2023-08-13T11:18:56","slug":"nowe-muzeum-sztuki-nowoczesnej-otwarlo-swoje-powoje","status":"publish","type":"page","link":"https:\/\/autoholkoscian.pl\/","title":{"rendered":"AUTO-HOL wypo\u017cyczalnia"},"content":{"rendered":"\n<div class=\"wp-block-group alignwide\"><div class=\"wp-block-group__inner-container is-layout-flow wp-block-group-is-layout-flow\">\n<p style=\"text-align: center;\">W naszej ofercie znajdziesz samochody osobowe, busy, autolawety, a tak\u017ce przyczepy i lawety.<br \/>Od wielu lat staramy si\u0119 dostosowa\u0107 do potrzeb Klienta, dlatego zawsze dostarczamy \u015bwie\u017ce, sprawne i czyste samochody by Twoja podr\u00f3\u017c przebieg\u0142a bez najmniejszego problemu.<br \/>Zapraszamy do zapoznania z ofert\u0105 a tak\u017ce do z\u0142o\u017cenia<br \/>telefonicznej rezerwacji!<\/p>\n<\/div><\/div>\n\n\n\n<div id=\"slider_69f0d55b01bb3\" class=\"slider_instance\" style=\"position: relative;\" data-options=\"{&quot;id&quot;:1,&quot;name&quot;:&quot;slider 1&quot;,&quot;instanceName&quot;:&quot;slider 1&quot;,&quot;date&quot;:&quot;2023-07-30 11:36:29&quot;,&quot;status&quot;:&quot;published&quot;,&quot;layerWidth&quot;:&quot;100%&quot;,&quot;layerHeight&quot;:&quot;100%&quot;,&quot;shadow&quot;:&quot;off&quot;,&quot;mode&quot;:&quot;webgl&quot;,&quot;initialSlide&quot;:0,&quot;grabCursor&quot;:true,&quot;stopOnLastSlide&quot;:false,&quot;showSlidesRandomOrder&quot;:false,&quot;preloadFirstSlide&quot;:false,&quot;width&quot;:1000,&quot;height&quot;:550,&quot;responsive&quot;:true,&quot;ratio&quot;:2,&quot;forceResponsive&quot;:false,&quot;fullscreen&quot;:false,&quot;layerStarOnTransitionStart&quot;:false,&quot;autoplay&quot;:{&quot;enable&quot;:false,&quot;delay&quot;:3000,&quot;progress&quot;:false,&quot;pauseOnHover&quot;:false,&quot;reverseDirection&quot;:false},&quot;buttons&quot;:{&quot;pauseVisible&quot;:false,&quot;muteVisible&quot;:false},&quot;resetVideos&quot;:false,&quot;videoAutoplay&quot;:true,&quot;navigation&quot;:{&quot;enable&quot;:true,&quot;style&quot;:&quot;effect4&quot;},&quot;keyboard&quot;:{&quot;enable&quot;:true},&quot;wheelNavigation&quot;:{&quot;enable&quot;:false,&quot;stopOnLast&quot;:false,&quot;interval&quot;:2000},&quot;pagination&quot;:{&quot;enable&quot;:true,&quot;style&quot;:&quot;effect2&quot;,&quot;clickable&quot;:true,&quot;dynamicBullets&quot;:false},&quot;thumbs&quot;:{&quot;enable&quot;:false,&quot;position&quot;:&quot;bottom&quot;,&quot;thumbWidth&quot;:100,&quot;thumbHeight&quot;:60,&quot;spaceAround&quot;:3,&quot;spaceBetween&quot;:3,&quot;outsideSlider&quot;:true,&quot;centered&quot;:true},&quot;hashNavigation&quot;:{&quot;enable&quot;:false},&quot;loading&quot;:{&quot;fadeEffect&quot;:true,&quot;backgroundColor&quot;:&quot;#FFFFFF&quot;,&quot;color&quot;:&quot;#262626&quot;,&quot;style&quot;:&quot;style2&quot;},&quot;lightbox&quot;:{&quot;backgroundColor&quot;:&quot;#000000F2&quot;,&quot;closeColor&quot;:&quot;#FFFFFF&quot;},&quot;slides&quot;:[{&quot;src&quot;:&quot;http:\\\/\\\/autoholkoscian.pl\\\/wp-content\\\/uploads\\\/2023\\\/08\\\/PHOTO-2023-08-09-10-30-36-1.jpg&quot;,&quot;thumbSrc&quot;:&quot;http:\\\/\\\/autoholkoscian.pl\\\/wp-content\\\/uploads\\\/2023\\\/08\\\/PHOTO-2023-08-09-10-30-36-1-300x225.jpg&quot;},{&quot;src&quot;:&quot;http:\\\/\\\/autoholkoscian.pl\\\/wp-content\\\/uploads\\\/2023\\\/08\\\/1-11.jpg&quot;,&quot;thumbSrc&quot;:&quot;http:\\\/\\\/autoholkoscian.pl\\\/wp-content\\\/uploads\\\/2023\\\/08\\\/1-11-300x225.jpg&quot;},{&quot;src&quot;:&quot;http:\\\/\\\/autoholkoscian.pl\\\/wp-content\\\/uploads\\\/2023\\\/08\\\/PHOTO-2023-08-09-16-50-40_1.jpg&quot;,&quot;thumbSrc&quot;:&quot;http:\\\/\\\/autoholkoscian.pl\\\/wp-content\\\/uploads\\\/2023\\\/08\\\/PHOTO-2023-08-09-16-50-40_1-300x225.jpg&quot;},{&quot;src&quot;:&quot;http:\\\/\\\/autoholkoscian.pl\\\/wp-content\\\/uploads\\\/2023\\\/08\\\/PHOTO-2023-08-11-15-40-47_1.jpg&quot;,&quot;thumbSrc&quot;:&quot;http:\\\/\\\/autoholkoscian.pl\\\/wp-content\\\/uploads\\\/2023\\\/08\\\/PHOTO-2023-08-11-15-40-47_1-300x225.jpg&quot;},{&quot;src&quot;:&quot;http:\\\/\\\/autoholkoscian.pl\\\/wp-content\\\/uploads\\\/2023\\\/08\\\/1-10.jpg&quot;,&quot;thumbSrc&quot;:&quot;http:\\\/\\\/autoholkoscian.pl\\\/wp-content\\\/uploads\\\/2023\\\/08\\\/1-10-300x225.jpg&quot;},{&quot;src&quot;:&quot;http:\\\/\\\/autoholkoscian.pl\\\/wp-content\\\/uploads\\\/2023\\\/08\\\/1-6.jpg&quot;,&quot;thumbSrc&quot;:&quot;http:\\\/\\\/autoholkoscian.pl\\\/wp-content\\\/uploads\\\/2023\\\/08\\\/1-6-300x225.jpg&quot;},{&quot;src&quot;:&quot;http:\\\/\\\/autoholkoscian.pl\\\/wp-content\\\/uploads\\\/2023\\\/08\\\/PHOTO-2023-08-09-10-56-51.jpg&quot;,&quot;thumbSrc&quot;:&quot;http:\\\/\\\/autoholkoscian.pl\\\/wp-content\\\/uploads\\\/2023\\\/08\\\/PHOTO-2023-08-09-10-56-51-300x225.jpg&quot;},{&quot;src&quot;:&quot;http:\\\/\\\/autoholkoscian.pl\\\/wp-content\\\/uploads\\\/2023\\\/08\\\/1-9.jpg&quot;,&quot;thumbSrc&quot;:&quot;http:\\\/\\\/autoholkoscian.pl\\\/wp-content\\\/uploads\\\/2023\\\/08\\\/1-9-300x225.jpg&quot;},{&quot;src&quot;:&quot;http:\\\/\\\/autoholkoscian.pl\\\/wp-content\\\/uploads\\\/2023\\\/08\\\/PHOTO-2023-08-07-19-05-01.jpg&quot;,&quot;thumbSrc&quot;:&quot;http:\\\/\\\/autoholkoscian.pl\\\/wp-content\\\/uploads\\\/2023\\\/08\\\/PHOTO-2023-08-07-19-05-01-300x225.jpg&quot;},{&quot;src&quot;:&quot;http:\\\/\\\/autoholkoscian.pl\\\/wp-content\\\/uploads\\\/2023\\\/08\\\/AUTOLAWETY.jpg&quot;,&quot;thumbSrc&quot;:&quot;http:\\\/\\\/autoholkoscian.pl\\\/wp-content\\\/uploads\\\/2023\\\/08\\\/AUTOLAWETY-300x139.jpg&quot;}],&quot;fullscreenTablet&quot;:false,&quot;fullscreenMobile&quot;:false,&quot;widthMobile&quot;:1000,&quot;widthTablet&quot;:1000,&quot;heightMobile&quot;:550,&quot;heightTablet&quot;:550,&quot;responsiveMobile&quot;:true,&quot;responsiveTablet&quot;:true,&quot;forceResponsiveMobile&quot;:false,&quot;forceResponsiveTablet&quot;:false,&quot;rootFolder&quot;:&quot;https:\\\/\\\/autoholkoscian.pl\\\/wp-content\\\/plugins\\\/transition-slider-lite\\\/&quot;}\"><\/div>\n","protected":false},"excerpt":{"rendered":"<p>W naszej ofercie znajdziesz samochody osobowe, busy, autolawety, a tak\u017ce przyczepy i lawety.Od wielu lat staramy si\u0119 dostosowa\u0107 do potrzeb Klienta, dlatego zawsze dostarczamy \u015bwie\u017ce, sprawne i czyste samochody by Twoja podr\u00f3\u017c przebieg\u0142a bez najmniejszego problemu.Zapraszamy do zapoznania z ofert\u0105 a tak\u017ce do z\u0142o\u017ceniatelefonicznej rezerwacji!<\/p>\n","protected":false},"author":1,"featured_media":0,"parent":0,"menu_order":0,"comment_status":"closed","ping_status":"closed","template":"","meta":{"footnotes":""},"class_list":["post-6","page","type-page","status-publish","hentry"],"_links":{"self":[{"href":"https:\/\/autoholkoscian.pl\/index.php\/wp-json\/wp\/v2\/pages\/6","targetHints":{"allow":["GET"]}}],"collection":[{"href":"https:\/\/autoholkoscian.pl\/index.php\/wp-json\/wp\/v2\/pages"}],"about":[{"href":"https:\/\/autoholkoscian.pl\/index.php\/wp-json\/wp\/v2\/types\/page"}],"author":[{"embeddable":true,"href":"https:\/\/autoholkoscian.pl\/index.php\/wp-json\/wp\/v2\/users\/1"}],"replies":[{"embeddable":true,"href":"https:\/\/autoholkoscian.pl\/index.php\/wp-json\/wp\/v2\/comments?post=6"}],"version-history":[{"count":10,"href":"https:\/\/autoholkoscian.pl\/index.php\/wp-json\/wp\/v2\/pages\/6\/revisions"}],"predecessor-version":[{"id":180,"href":"https:\/\/autoholkoscian.pl\/index.php\/wp-json\/wp\/v2\/pages\/6\/revisions\/180"}],"wp:attachment":[{"href":"https:\/\/autoholkoscian.pl\/index.php\/wp-json\/wp\/v2\/media?parent=6"}],"curies":[{"name":"wp","href":"https:\/\/api.w.org\/{rel}","templated":true}]}}